{"id":3499,"date":"2023-07-19T10:14:10","date_gmt":"2023-07-19T14:14:10","guid":{"rendered":"https:\/\/lero-corp.com\/?post_type=product&#038;p=3499"},"modified":"2024-01-19T19:15:57","modified_gmt":"2024-01-19T23:15:57","slug":"workshop-rikesa-mental","status":"publish","type":"product","link":"https:\/\/lero-corp.com\/pap\/product\/workshop-rikesa-mental\/","title":{"rendered":"W\u00f2rksh\u00f2p Rikesa Mental"},"content":{"rendered":"<p>[et_pb_section fb_built=&#8221;1&#8243; _builder_version=&#8221;4.21.0&#8243; custom_margin=&#8221;0px|0px|0px|0px|false|true&#8221; custom_padding=&#8221;0px|0px|0px|0px|false|false&#8221; global_colors_info=&#8221;{}&#8221;][et_pb_row column_structure=&#8221;3_5,2_5&#8243; _builder_version=&#8221;4.19.4&#8243; background_enable_color=&#8221;off&#8221; background_size=&#8221;initial&#8221; background_position=&#8221;top_left&#8221; background_repeat=&#8221;repeat&#8221; width=&#8221;100%&#8221; max_width=&#8221;1600px&#8221; custom_padding=&#8221;30px|30px|30px|30px|true|true&#8221; locked=&#8221;off&#8221; global_colors_info=&#8221;{%22gcid-82ffca32-b994-4957-85b3-41c3696f2474%22:%91%22background_color%22%93}&#8221;][et_pb_column type=&#8221;3_5&#8243; _builder_version=&#8221;4.16&#8243; custom_padding=&#8221;|||&#8221; global_colors_info=&#8221;{}&#8221; custom_padding__hover=&#8221;|||&#8221;][et_pb_wc_cart_notice _builder_version=&#8221;4.16&#8243; global_colors_info=&#8221;{}&#8221;][\/et_pb_wc_cart_notice][et_pb_wc_title _builder_version=&#8221;4.21.0&#8243; header_text_color=&#8221;gcid-82ffca32-b994-4957-85b3-41c3696f2474&#8243; header_font_size=&#8221;34px&#8221; custom_margin=&#8221;||10px||false|false&#8221; hover_enabled=&#8221;0&#8243; global_colors_info=&#8221;{%22gcid-82ffca32-b994-4957-85b3-41c3696f2474%22:%91%22header_text_color%22%93}&#8221; sticky_enabled=&#8221;0&#8243;][\/et_pb_wc_title][et_pb_wc_images _builder_version=&#8221;4.21.0&#8243; custom_margin=&#8221;0px||||false|false&#8221; custom_padding=&#8221;0px||||false|false&#8221; global_colors_info=&#8221;{}&#8221;][\/et_pb_wc_images][et_pb_text _builder_version=&#8221;4.22.1&#8243; _module_preset=&#8221;default&#8221; header_text_color=&#8221;gcid-82ffca32-b994-4957-85b3-41c3696f2474&#8243; header_3_font=&#8221;|||on|||||&#8221; header_3_text_color=&#8221;gcid-b6a31ef3-4e25-4f3b-bb41-21bda3dfac33&#8243; custom_margin=&#8221;||10px||false|false&#8221; locked=&#8221;off&#8221; global_colors_info=&#8221;{%22gcid-82ffca32-b994-4957-85b3-41c3696f2474%22:%91%22header_text_color%22%93,%22gcid-b6a31ef3-4e25-4f3b-bb41-21bda3dfac33%22:%91%22header_3_text_color%22%93}&#8221;]<\/p>\n<h3>Den desaroyo<\/h3>\n<p>[\/et_pb_text][et_pb_text _builder_version=&#8221;4.23.4&#8243; _module_preset=&#8221;default&#8221; header_text_color=&#8221;gcid-82ffca32-b994-4957-85b3-41c3696f2474&#8243; custom_margin=&#8221;||10px||false|false&#8221; hover_enabled=&#8221;0&#8243; global_colors_info=&#8221;{%22gcid-82ffca32-b994-4957-85b3-41c3696f2474%22:%91%22header_text_color%22%93}&#8221; sticky_enabled=&#8221;0&#8243;]<\/p>\n<p>\u201cRubya ta si\u00f1a nos kon pa brinda servisio ekselente na klientenan. Kon pa demostr\u00e1 komprenshon pa nan emoshonnan! Kon pa biba ku nan.<br \/>Pero ken ta tene kuenta ku AMI? Unda mi mes ta keda?\u201d<br \/>E preguntanan ei sa bini regularmente dilanti ora mi ta duna e w\u00f2rksh\u00f2p Servisio Ekselente.<br \/>E workshop \u2013 Rikesa Mental- ta kontest\u00e1 e preguntanan aki i hopi otro pregunta relashon\u00e1 ku nos desaroyo mental.<br \/>Preguntanan ku mayoria biaha no ta ha\u00f1a kontesta den bankinan di skol.<br \/>Ora bo finalis\u00e1 e workshop lo bo tin e yabi pa sigui enrikes\u00e9 e mente. Di moda ku kada dia atrobe bo sa di brinda kalidat na bo mes Mes.<br \/>I lo ta un plaser pa brinda servisio ekselente na bo klientenan i tur otro hende r\u00f2nt di bo -hasiendo uso di e talentonan i kreatividat ku bo a bini mundu kun\u00e9.<\/p>\n<p>[\/et_pb_text][et_pb_toggle title=&#8221;Kon pa trese kambio den e situashon aki?&#8221; disabled_on=&#8221;on|on|on&#8221; _builder_version=&#8221;4.21.0&#8243; _module_preset=&#8221;default&#8221; custom_margin=&#8221;40px||||false|false&#8221; disabled=&#8221;on&#8221; global_colors_info=&#8221;{}&#8221;]<\/p>\n<h3>Deskripshon<\/h3>\n<p>E workshop komunikashon Win \u2013 Win ta brinda bo e 9 prinsipionan ku un komunikado profeshonal ta aplik\u00e1.<br \/>E prinsipionan ku ta e base pa tur tipo di komunikashon. Tantu riba nivel mikro (den gruponan chikitu unda hendenan konos\u00e9 otro hopi bon) of e nivel meso (mas \u2018zakelijk\u2019 den organisashonnan) of e nivel makro (komunikashon ku un masa di hende).<br \/>Ta hopi importante domin\u00e1 e prinsipionan aki pa logra metanan stipul\u00e1 i pas mental.<\/p>\n<p>[\/et_pb_toggle][et_pb_wc_price disabled_on=&#8221;on|on|on&#8221; _builder_version=&#8221;4.16&#8243; hover_enabled=&#8221;0&#8243; disabled=&#8221;on&#8221; global_colors_info=&#8221;{}&#8221; sticky_enabled=&#8221;0&#8243;][\/et_pb_wc_price][et_pb_wc_add_to_cart show_quantity=&#8221;off&#8221; show_stock=&#8221;off&#8221; _builder_version=&#8221;4.21.0&#8243; custom_button=&#8221;on&#8221; button_text_color=&#8221;gcid-106400f1-6be0-4288-b01c-29568fb136c4&#8243; button_bg_color=&#8221;gcid-b6a31ef3-4e25-4f3b-bb41-21bda3dfac33&#8243; button_border_color=&#8221;gcid-3ea9a909-8ffd-4536-baeb-09768c5fc7b8&#8243; button_icon=&#8221;&#xf217;||fa||900&#8243; button_icon_color=&#8221;gcid-106400f1-6be0-4288-b01c-29568fb136c4&#8243; button_on_hover=&#8221;off&#8221; global_colors_info=&#8221;{%22gcid-106400f1-6be0-4288-b01c-29568fb136c4%22:%91%22button_text_color%22,%22button_icon_color%22%93,%22gcid-b6a31ef3-4e25-4f3b-bb41-21bda3dfac33%22:%91%22button_bg_color%22%93,%22gcid-3ea9a909-8ffd-4536-baeb-09768c5fc7b8%22:%91%22button_border_color%22%93}&#8221;][\/et_pb_wc_add_to_cart][et_pb_wc_reviews disabled_on=&#8221;on|on|on&#8221; _builder_version=&#8221;4.19.4&#8243; _module_preset=&#8221;default&#8221; disabled=&#8221;on&#8221; global_colors_info=&#8221;{}&#8221;][\/et_pb_wc_reviews][et_pb_button button_url=&#8221;https:\/\/lero-corp.com\/workshop-online\/&#8221; button_text=&#8221;Bai b\u00e8k Workshop \u2018Online\u2019&#8221; _builder_version=&#8221;4.22.1&#8243; _module_preset=&#8221;default&#8221; custom_button=&#8221;on&#8221; button_text_color=&#8221;#FFFFFF&#8221; button_bg_color=&#8221;gcid-b6a31ef3-4e25-4f3b-bb41-21bda3dfac33&#8243; button_border_color=&#8221;gcid-3ea9a909-8ffd-4536-baeb-09768c5fc7b8&#8243; background_layout=&#8221;dark&#8221; custom_css_main_element=&#8221;width:40%;&#8221; locked=&#8221;off&#8221; global_colors_info=&#8221;{%22gcid-b3e3270e-92d8-4eca-85d7-aefb0218b9ee%22:%91%22button_text_color%22,%22button_text_color%22%93,%22gcid-b6a31ef3-4e25-4f3b-bb41-21bda3dfac33%22:%91%22button_bg_color%22,%22button_bg_color%22%93,%22gcid-3ea9a909-8ffd-4536-baeb-09768c5fc7b8%22:%91%22button_border_color%22,%22button_border_color%22%93}&#8221;][\/et_pb_button][\/et_pb_column][et_pb_column type=&#8221;2_5&#8243; _builder_version=&#8221;4.16&#8243; custom_padding=&#8221;|||&#8221; global_colors_info=&#8221;{}&#8221; custom_padding__hover=&#8221;|||&#8221;][et_pb_image src=&#8221;https:\/\/lero-corp.com\/wp-content\/uploads\/sites\/12\/2022\/11\/rubya-1.png&#8221; title_text=&#8221;rubya&#8221; _builder_version=&#8221;4.19.2&#8243; _module_preset=&#8221;default&#8221; width=&#8221;70%&#8221; module_alignment=&#8221;center&#8221; custom_padding=&#8221;|30px|||false|false&#8221; border_radii=&#8221;on|150px|150px|150px|150px&#8221; border_width_all=&#8221;5px&#8221; border_color_all=&#8221;gcid-9e2f5792-49de-45bd-a5c6-3def18060cac&#8221; global_colors_info=&#8221;{%22gcid-9e2f5792-49de-45bd-a5c6-3def18060cac%22:%91%22border_color_all%22%93}&#8221;][\/et_pb_image][et_pb_text _builder_version=&#8221;4.23.4&#8243; _module_preset=&#8221;default&#8221; global_colors_info=&#8221;{}&#8221;]<\/p>\n<p>Dosente di e \u2018w\u00f2rksh\u00f2p aki ta<\/p>\n<h3>Rubya Maduro<\/h3>\n<p>Un sosi\u00f3logo ku a doktor\u00e1 den Maneho di Kalidat; muy en partikular e parti humano di Kalidat.<br \/>T\u00f3pikonan ku ta w\u00f2rdu enfatis\u00e1 durante su &#8216;training&#8217; i w\u00f2rksh\u00f2pnan ta entre otro:<\/p>\n<ul>\n<li>Kon pa brinda servisio ekselente na klientenan?<\/li>\n<li>Kon duna guia na empleadonan di moda ku nan ta kapas i dispuesto pa brinda kalidat?<\/li>\n<li>Kon organis\u00e1 e prosesonan di trabou pa por brinda kalidat?<\/li>\n<li>Kon pa brinda kalidat na bo Mes?<\/li>\n<li>Kua otro abilidatnan personal i interpersonal ta importante pa por brinda kalidat na bo mes i na otronan?<\/li>\n<\/ul>\n<p>[\/et_pb_text][et_pb_button button_url=&#8221;https:\/\/lero-corp.com\/over-lero\/rubya-maduro\/&#8221; url_new_window=&#8221;on&#8221; button_text=&#8221;Sigui lesa&#8221; button_alignment=&#8221;left&#8221; _builder_version=&#8221;4.21.0&#8243; _module_preset=&#8221;default&#8221; custom_button=&#8221;on&#8221; button_text_color=&#8221;#FFFFFF&#8221; button_bg_color=&#8221;gcid-b6a31ef3-4e25-4f3b-bb41-21bda3dfac33&#8243; button_border_color=&#8221;gcid-3ea9a909-8ffd-4536-baeb-09768c5fc7b8&#8243; background_layout=&#8221;dark&#8221; custom_margin=&#8221;-20px||||false|false&#8221; custom_css_main_element=&#8221;width:40%;&#8221; global_colors_info=&#8221;{%22gcid-b3e3270e-92d8-4eca-85d7-aefb0218b9ee%22:%91%22button_text_color%22%93,%22gcid-b6a31ef3-4e25-4f3b-bb41-21bda3dfac33%22:%91%22button_bg_color%22%93,%22gcid-3ea9a909-8ffd-4536-baeb-09768c5fc7b8%22:%91%22button_border_color%22%93}&#8221;][\/et_pb_button][\/et_pb_column][\/et_pb_row][\/et_pb_section]<\/p>\n","protected":false},"excerpt":{"rendered":"<p>Den desaroyo\u201cRubya ta si\u00f1a nos kon pa brinda servisio ekselente na klientenan. Kon pa demostr\u00e1 komprenshon pa nan emoshonnan! Kon pa biba ku nan.Pero ken ta tene kuenta ku AMI? Unda mi mes ta keda?\u201dE preguntanan ei sa bini regularmente dilanti ora mi ta duna e w\u00f2rksh\u00f2p Servisio Ekselente.E workshop \u2013 Rikesa Mental- ta kontest\u00e1 [&hellip;]<\/p>\n","protected":false},"featured_media":2667,"template":"","meta":{"_et_pb_use_builder":"on","_et_pb_old_content":"\u201cRubya ta si\u00f1a nos kon pa brinda servisio ekselente na klientenan. Kon pa demostr\u00e1 komprenshon pa nan emoshonnan! Kon pa biba ku nan.\r\nPero ken ta tene kuenta ku AMI? Unda mi mes ta keda?\"\r\n\r\nE preguntanan ei sa bini regularmente dilanti ora mi ta duna e w\u00f2rksh\u00f2p Servisio Ekselente.\r\n\r\nE workshop - Rikesa Mental- ta duna e nutrishon nesesario pa sigui enrikes\u00e9 bo mente pa por Brinda kalidat na bo mes Mes \u2013 mi\u00e9ntras bo ta duna servisio ekselente na bo klientenan i tur otro hende r\u00f2nt di bo.\r\n\r\nPreguntanan ku lo ha\u00f1a un kontesta ta entre otro:\r\n<ul>\r\n \t<li>Kon pa hasi e transishon di \u2018hende grandi pa adulto\u00b4?<\/li>\r\n \t<li>Kon pa bira eksitoso i felis na mi mes manera?<\/li>\r\n \t<li>\u2018How to grow up &amp; age gracefully\u2019?<\/li>\r\n<\/ul>","_et_gb_content_width":"","wds_primary_product_brand":0,"wds_primary_product_cat":0},"product_brand":[],"product_cat":[27],"product_tag":[],"class_list":{"0":"post-3499","1":"product","2":"type-product","3":"status-publish","4":"has-post-thumbnail","6":"product_cat-kurso-online-na-papiamentu","8":"first","9":"outofstock","10":"virtual","11":"sold-individually","12":"purchasable","13":"product-type-simple"},"_links":{"self":[{"href":"https:\/\/lero-corp.com\/pap\/wp-json\/wp\/v2\/product\/3499","targetHints":{"allow":["GET"]}}],"collection":[{"href":"https:\/\/lero-corp.com\/pap\/wp-json\/wp\/v2\/product"}],"about":[{"href":"https:\/\/lero-corp.com\/pap\/wp-json\/wp\/v2\/types\/product"}],"wp:featuredmedia":[{"embeddable":true,"href":"https:\/\/lero-corp.com\/pap\/wp-json\/wp\/v2\/media\/2667"}],"wp:attachment":[{"href":"https:\/\/lero-corp.com\/pap\/wp-json\/wp\/v2\/media?parent=3499"}],"wp:term":[{"taxonomy":"product_brand","embeddable":true,"href":"https:\/\/lero-corp.com\/pap\/wp-json\/wp\/v2\/product_brand?post=3499"},{"taxonomy":"product_cat","embeddable":true,"href":"https:\/\/lero-corp.com\/pap\/wp-json\/wp\/v2\/product_cat?post=3499"},{"taxonomy":"product_tag","embeddable":true,"href":"https:\/\/lero-corp.com\/pap\/wp-json\/wp\/v2\/product_tag?post=3499"}],"curies":[{"name":"wp","href":"https:\/\/api.w.org\/{rel}","templated":true}]}}